{"id":193,"date":"2021-12-31T12:25:24","date_gmt":"2021-12-31T12:25:24","guid":{"rendered":"https:\/\/de.intexsoft.by\/?page_id=193"},"modified":"2022-02-22T11:05:33","modified_gmt":"2022-02-22T11:05:33","slug":"portfolio","status":"publish","type":"page","link":"https:\/\/intexsoft.com\/de\/portfolio\/","title":{"rendered":"Portfolio"},"content":{"rendered":"<section \t\t\t\t class=\"hero  hero_flattened   \">\n\t<div class=\"content\">\n\t\t\t\t\t<div class=\"hero__overlay\"><\/div>\n\t\t\t\t<div class=\"hero__container\">\n\t\t\t\t\t\t\t<h1 class=\"hero__title\" >Ein Einblick in unsere Arbeit<\/h1>\n\t\t\t\t\t\t<p class=\"hero__subtitle h1-sub\" >\n\t\t\t\tTaten sprechen lauter als Worte. In den mehr als 20 Jahren unserer T\u00e4tigkeit haben wir \u00fcber 150 Unternehmen geholfen, ihre internen Prozesse zu automatisieren oder ihre Teams mit verschiedenen IT-Fachleuten zu verst\u00e4rken.\n\t\t\t<\/p>\n\t\t\t\t\t\t\t\t\t\t<a class=\"hero__btn btn btn_color_primary\" href=\"https:\/\/intexsoft.com\/de\/kontakt-uns\/\"\n\t\t\t\t\t \t\t\t\t\t data-smooth=\"1\"\t\t\t\t>\n\t\t\t\t\tKontaktieren Sie uns\n\t\t\t\t<\/a>\n\t\t\t\t\t<\/div>\n\t\t\t\t\t<div class=\"hero-main-image\">\n\t\t\t\t<picture>\n\t\t\t\t\t\t\t\t\t\t\t\t\t\t\t\t\t\t\t\t<source type=\"image\/jpg\" srcset=\"https:\/\/intexsoft.com\/app\/uploads\/sites\/3\/2022\/01\/Portfolio_Mobile-1.jpg\" media=\"(max-width: 480px)\">\n\t\t\t\t\t<source type=\"image\/jpg\" srcset=\"https:\/\/intexsoft.com\/app\/uploads\/sites\/3\/2022\/01\/Portfolio_Tablet_1.jpg\" media=\"(max-width: 992px)\">\n\t\t\t\t\t<img decoding=\"async\" src=\"https:\/\/intexsoft.com\/app\/uploads\/sites\/3\/2022\/01\/Portfolio_Desktop_1.jpg\" loading=\"lazy\"\n\t\t\t\t\t\t\t alt=\"hero-image\">\n\t\t\t\t<\/picture>\n\t\t\t<\/div>\n\t\t\n\t\t\n\t\t\t<\/div>\n<\/section>\n\n\t\t\t\t\t\t\t\t\n\t\t\n\n<section id=\"\" class=\"multi-filter  \">\n\t\t<div class=\"content\">\n\t\t\t\t\t\t<div class=\"multi-filter-category\">\n\t\t\t\t<div class=\"multi-filter-category-level-1\">\n\t\t\t\t\t\t\t\t\t\t\t<h4 class=\"category-level-1-item\">Alle<\/h4>\n\t\t\t\t\t\t\t\t\t\t\t\t\t<h4 class=\"category-level-1-item\"\n\t\t\t\t\t\t\t\t\t data-id=\"2\">Industrie<\/h4>\n\t\t\t\t\t\t\t\t\t\t\t\t\t<h4 class=\"category-level-1-item\"\n\t\t\t\t\t\t\t\t\t data-id=\"9\">Service<\/h4>\n\t\t\t\t\t\t\t\t\t\t\t\t\t<h4 class=\"category-level-1-item\"\n\t\t\t\t\t\t\t\t\t data-id=\"19\">Technologie<\/h4>\n\t\t\t\t\t\t\t\t\t\t\t\t\t\t\t<\/div>\n\t\t\t\t\t\t\t\t\t<div class=\"multi-filter-category-level-2\">\n\t\t\t\t\t\t\t\t\t\t\t\t\t<h6 class=\"category-level-2-item\"\n\t\t\t\t\t\t\t\t\t data-id=\"12\"\n\t\t\t\t\t\t\t\t\t data-parent-id=\"9\"\n\t\t\t\t\t\t\t>Automatisierung von Gesch\u00e4ftsprozessen<\/h6>\n\t\t\t\t\t\t\t\t\t\t\t\t\t<h6 class=\"category-level-2-item\"\n\t\t\t\t\t\t\t\t\t data-id=\"13\"\n\t\t\t\t\t\t\t\t\t data-parent-id=\"9\"\n\t\t\t\t\t\t\t>Design<\/h6>\n\t\t\t\t\t\t\t\t\t\t\t\t\t<h6 class=\"category-level-2-item\"\n\t\t\t\t\t\t\t\t\t data-id=\"6\"\n\t\t\t\t\t\t\t\t\t data-parent-id=\"2\"\n\t\t\t\t\t\t\t>Personalmanagement<\/h6>\n\t\t\t\t\t\t\t\t\t\t\t\t\t<h6 class=\"category-level-2-item\"\n\t\t\t\t\t\t\t\t\t data-id=\"18\"\n\t\t\t\t\t\t\t\t\t data-parent-id=\"9\"\n\t\t\t\t\t\t\t>Webentwicklung<\/h6>\n\t\t\t\t\t\t\t\t\t\t\t\t\t<h6 class=\"category-level-2-item\"\n\t\t\t\t\t\t\t\t\t data-id=\"16\"\n\t\t\t\t\t\t\t\t\t data-parent-id=\"9\"\n\t\t\t\t\t\t\t>Mobile Entwicklung<\/h6>\n\t\t\t\t\t\t\t\t\t\t\t\t\t<h6 class=\"category-level-2-item\"\n\t\t\t\t\t\t\t\t\t data-id=\"21\"\n\t\t\t\t\t\t\t\t\t data-parent-id=\"19\"\n\t\t\t\t\t\t\t>Java<\/h6>\n\t\t\t\t\t\t\t\t\t\t\t\t\t<h6 class=\"category-level-2-item\"\n\t\t\t\t\t\t\t\t\t data-id=\"22\"\n\t\t\t\t\t\t\t\t\t data-parent-id=\"19\"\n\t\t\t\t\t\t\t>JavaScript<\/h6>\n\t\t\t\t\t\t\t\t\t\t\t\t\t<h6 class=\"category-level-2-item\"\n\t\t\t\t\t\t\t\t\t data-id=\"7\"\n\t\t\t\t\t\t\t\t\t data-parent-id=\"2\"\n\t\t\t\t\t\t\t>Logistik &amp; Transport<\/h6>\n\t\t\t\t\t\t\t\t\t\t\t\t\t<h6 class=\"category-level-2-item\"\n\t\t\t\t\t\t\t\t\t data-id=\"15\"\n\t\t\t\t\t\t\t\t\t data-parent-id=\"9\"\n\t\t\t\t\t\t\t>Unternehmensentwicklung<\/h6>\n\t\t\t\t\t\t\t\t\t\t\t\t\t<h6 class=\"category-level-2-item\"\n\t\t\t\t\t\t\t\t\t data-id=\"4\"\n\t\t\t\t\t\t\t\t\t data-parent-id=\"2\"\n\t\t\t\t\t\t\t>E-Commerce<\/h6>\n\t\t\t\t\t\t\t\t\t\t\t\t\t<h6 class=\"category-level-2-item\"\n\t\t\t\t\t\t\t\t\t data-id=\"31\"\n\t\t\t\t\t\t\t\t\t data-parent-id=\"19\"\n\t\t\t\t\t\t\t>Swift<\/h6>\n\t\t\t\t\t\t\t\t\t\t\t\t\t<h6 class=\"category-level-2-item\"\n\t\t\t\t\t\t\t\t\t data-id=\"20\"\n\t\t\t\t\t\t\t\t\t data-parent-id=\"19\"\n\t\t\t\t\t\t\t>Angular<\/h6>\n\t\t\t\t\t\t\t\t\t\t\t\t\t<h6 class=\"category-level-2-item\"\n\t\t\t\t\t\t\t\t\t data-id=\"25\"\n\t\t\t\t\t\t\t\t\t data-parent-id=\"19\"\n\t\t\t\t\t\t\t>Node.js<\/h6>\n\t\t\t\t\t\t\t\t\t\t\t\t\t<h6 class=\"category-level-2-item\"\n\t\t\t\t\t\t\t\t\t data-id=\"11\"\n\t\t\t\t\t\t\t\t\t data-parent-id=\"9\"\n\t\t\t\t\t\t\t>Unternehmensanalyse<\/h6>\n\t\t\t\t\t\t\t\t\t\t\t\t\t<h6 class=\"category-level-2-item\"\n\t\t\t\t\t\t\t\t\t data-id=\"10\"\n\t\t\t\t\t\t\t\t\t data-parent-id=\"9\"\n\t\t\t\t\t\t\t>App-Modernisierung<\/h6>\n\t\t\t\t\t\t\t\t\t\t\t\t\t<h6 class=\"category-level-2-item\"\n\t\t\t\t\t\t\t\t\t data-id=\"24\"\n\t\t\t\t\t\t\t\t\t data-parent-id=\"19\"\n\t\t\t\t\t\t\t>Magento<\/h6>\n\t\t\t\t\t\t\t\t\t\t\t\t\t<h6 class=\"category-level-2-item\"\n\t\t\t\t\t\t\t\t\t data-id=\"27\"\n\t\t\t\t\t\t\t\t\t data-parent-id=\"19\"\n\t\t\t\t\t\t\t>PHP<\/h6>\n\t\t\t\t\t\t\t\t\t\t\t\t\t<h6 class=\"category-level-2-item\"\n\t\t\t\t\t\t\t\t\t data-id=\"26\"\n\t\t\t\t\t\t\t\t\t data-parent-id=\"19\"\n\t\t\t\t\t\t\t>Objective-C<\/h6>\n\t\t\t\t\t\t\t\t\t\t\t\t\t<h6 class=\"category-level-2-item\"\n\t\t\t\t\t\t\t\t\t data-id=\"3\"\n\t\t\t\t\t\t\t\t\t data-parent-id=\"2\"\n\t\t\t\t\t\t\t>Kryptow\u00e4hrung<\/h6>\n\t\t\t\t\t\t\t\t\t\t\t<\/div>\n\t\t\t\t\t\t\t<\/div>\n\t\t\t<div class=\"multi-filter-wrapper \"\n\t\t\t\t\t data-limit=\"4\" data-view=\"info_inside_card\" data-type=\"portfolio\">\n\t\t\t\t<div class=\"multi-filter-left\">\n\t\t\t\t\t<div class=\"multi-filter-content  multi-portfolio \" data-blog_id=\"3\">\n\t\t\t\t\t\t<a href=\"https:\/\/intexsoft.com\/de\/portfolio\/workspace\/\" target=\"_blank\" class=\"portfolio__slide swiper-slide\" style=\"max-width: unset\">\n\t\t\t\t\t<picture class=\"portfolio__slide-image\">\n\t\t\t\t<img decoding=\"async\" loading=\"lazy\" class=\"portfolio__slide-image\" src=\"https:\/\/intexsoft.com\/app\/uploads\/sites\/3\/2022\/02\/Preview_Workspace.jpg\" alt=\"image\">\n\t\t\t<\/picture>\n\t\t\t\t<div class=\"portfolio__slide-info-block\">\n\t\t\t<div class=\"portfolio__slide-info\">\n\t\t\t\t<h3 class=\"portfolio__slide-title\">\n\t\t\t\t\tWorkspace\n\t\t\t\t\t<svg xmlns=\"http:\/\/www.w3.org\/2000\/svg\" width=\"48\" height=\"2\" viewBox=\"0 0 48 2\" fill=\"none\">\n\t\t\t\t\t\t<line y1=\"1\" x2=\"48\" y2=\"1\" stroke=\"#3386D9\" stroke-width=\"2\"\/>\n\t\t\t\t\t<\/svg>\n\t\t\t\t<\/h3>\n\t\t\t\t<div class=\"portfolio__slide-subtitle text-sm\"><p>Ein internes Produkt f\u00fcr die Buchung von Arbeitspl\u00e4tzen, Besprechungsr\u00e4umen und Konferenzs\u00e4len.<\/p><\/div>\n\t\t\t<\/div>\n\t\t\t<div class=\"portfolio__slide-info-block-button\">\n\t\t\t\tMehr\n\t\t\t\t<svg xmlns=\"http:\/\/www.w3.org\/2000\/svg\" width=\"19\" height=\"12\" viewBox=\"0 0 19 12\" fill=\"none\">\n\t\t\t\t\t<path d=\"M18.5812 5.39168C18.5809 5.39143 18.5807 5.39112 18.5804 5.39087L14.09 0.922122C13.7536 0.587353 13.2095 0.588599 12.8746 0.925043C12.5398 1.26145 12.5411 1.80556 12.8775 2.14037L15.8924 5.14062H-2.30737C-2.78201 5.14062 -3.16675 5.52536 -3.16675 5.99999C-3.16675 6.47462 -2.78201 6.85936 -2.30737 6.85936H15.8923L12.8776 9.85961C12.5412 10.1944 12.5399 10.7385 12.8747 11.0749C13.2095 11.4114 13.7537 11.4126 14.0901 11.0779L18.5805 6.60911C18.5807 6.60886 18.5809 6.60856 18.5812 6.6083C18.9178 6.27237 18.9167 5.7265 18.5812 5.39168Z\" fill=\"white\"\/>\n\t\t\t\t<\/svg>\n\t\t\t<\/div>\n\t\t<\/div>\n\t\t<div class=\"portfolio__slide-overlay\"><\/div>\n\t\t<div class=\"portfolio__slide-overlay-hover\"><\/div>\n\t<\/a>\n\t<a href=\"https:\/\/intexsoft.com\/de\/portfolio\/mobile-anwendung-findervest\/\" target=\"_blank\" class=\"portfolio__slide swiper-slide\" style=\"max-width: unset\">\n\t\t\t\t\t<picture class=\"portfolio__slide-image\">\n\t\t\t\t<img decoding=\"async\" loading=\"lazy\" class=\"portfolio__slide-image\" src=\"https:\/\/intexsoft.com\/app\/uploads\/sites\/3\/2022\/01\/Findervest-Preview-min.jpg\" alt=\"image\">\n\t\t\t<\/picture>\n\t\t\t\t<div class=\"portfolio__slide-info-block\">\n\t\t\t<div class=\"portfolio__slide-info\">\n\t\t\t\t<h3 class=\"portfolio__slide-title\">\n\t\t\t\t\tMobile Anwendung \u201cFindervest\u201d\n\t\t\t\t\t<svg xmlns=\"http:\/\/www.w3.org\/2000\/svg\" width=\"48\" height=\"2\" viewBox=\"0 0 48 2\" fill=\"none\">\n\t\t\t\t\t\t<line y1=\"1\" x2=\"48\" y2=\"1\" stroke=\"#3386D9\" stroke-width=\"2\"\/>\n\t\t\t\t\t<\/svg>\n\t\t\t\t<\/h3>\n\t\t\t\t<div class=\"portfolio__slide-subtitle text-sm\"><p>Tinder-\u00e4hnliche mobile Anwendung, die Start-ups mit Investoren zusammenbringt<\/p><\/div>\n\t\t\t<\/div>\n\t\t\t<div class=\"portfolio__slide-info-block-button\">\n\t\t\t\tmehr\n\t\t\t\t<svg xmlns=\"http:\/\/www.w3.org\/2000\/svg\" width=\"19\" height=\"12\" viewBox=\"0 0 19 12\" fill=\"none\">\n\t\t\t\t\t<path d=\"M18.5812 5.39168C18.5809 5.39143 18.5807 5.39112 18.5804 5.39087L14.09 0.922122C13.7536 0.587353 13.2095 0.588599 12.8746 0.925043C12.5398 1.26145 12.5411 1.80556 12.8775 2.14037L15.8924 5.14062H-2.30737C-2.78201 5.14062 -3.16675 5.52536 -3.16675 5.99999C-3.16675 6.47462 -2.78201 6.85936 -2.30737 6.85936H15.8923L12.8776 9.85961C12.5412 10.1944 12.5399 10.7385 12.8747 11.0749C13.2095 11.4114 13.7537 11.4126 14.0901 11.0779L18.5805 6.60911C18.5807 6.60886 18.5809 6.60856 18.5812 6.6083C18.9178 6.27237 18.9167 5.7265 18.5812 5.39168Z\" fill=\"white\"\/>\n\t\t\t\t<\/svg>\n\t\t\t<\/div>\n\t\t<\/div>\n\t\t<div class=\"portfolio__slide-overlay\"><\/div>\n\t\t<div class=\"portfolio__slide-overlay-hover\"><\/div>\n\t<\/a>\n\t<a href=\"https:\/\/intexsoft.com\/de\/portfolio\/system-zur-verwaltung-der-lieferkette\/\" target=\"_blank\" class=\"portfolio__slide swiper-slide\" style=\"max-width: unset\">\n\t\t\t\t\t<picture class=\"portfolio__slide-image\">\n\t\t\t\t<img decoding=\"async\" loading=\"lazy\" class=\"portfolio__slide-image\" src=\"https:\/\/intexsoft.com\/app\/uploads\/sites\/3\/2022\/01\/Preview-Expertise-Keeper-1.jpg\" alt=\"image\">\n\t\t\t<\/picture>\n\t\t\t\t<div class=\"portfolio__slide-info-block\">\n\t\t\t<div class=\"portfolio__slide-info\">\n\t\t\t\t<h3 class=\"portfolio__slide-title\">\n\t\t\t\t\tSystem zur Verwaltung der Lieferkette\n\t\t\t\t\t<svg xmlns=\"http:\/\/www.w3.org\/2000\/svg\" width=\"48\" height=\"2\" viewBox=\"0 0 48 2\" fill=\"none\">\n\t\t\t\t\t\t<line y1=\"1\" x2=\"48\" y2=\"1\" stroke=\"#3386D9\" stroke-width=\"2\"\/>\n\t\t\t\t\t<\/svg>\n\t\t\t\t<\/h3>\n\t\t\t\t<div class=\"portfolio__slide-subtitle text-sm\"><p>Eine interne Software zur automatisierten \u00dcberwachung der Produktlieferkette. Ein System erfasst den gesamten Produktionsweg: von der Bewerbung bis zur Auslieferung <\/p><\/div>\n\t\t\t<\/div>\n\t\t\t<div class=\"portfolio__slide-info-block-button\">\n\t\t\t\tmehr\n\t\t\t\t<svg xmlns=\"http:\/\/www.w3.org\/2000\/svg\" width=\"19\" height=\"12\" viewBox=\"0 0 19 12\" fill=\"none\">\n\t\t\t\t\t<path d=\"M18.5812 5.39168C18.5809 5.39143 18.5807 5.39112 18.5804 5.39087L14.09 0.922122C13.7536 0.587353 13.2095 0.588599 12.8746 0.925043C12.5398 1.26145 12.5411 1.80556 12.8775 2.14037L15.8924 5.14062H-2.30737C-2.78201 5.14062 -3.16675 5.52536 -3.16675 5.99999C-3.16675 6.47462 -2.78201 6.85936 -2.30737 6.85936H15.8923L12.8776 9.85961C12.5412 10.1944 12.5399 10.7385 12.8747 11.0749C13.2095 11.4114 13.7537 11.4126 14.0901 11.0779L18.5805 6.60911C18.5807 6.60886 18.5809 6.60856 18.5812 6.6083C18.9178 6.27237 18.9167 5.7265 18.5812 5.39168Z\" fill=\"white\"\/>\n\t\t\t\t<\/svg>\n\t\t\t<\/div>\n\t\t<\/div>\n\t\t<div class=\"portfolio__slide-overlay\"><\/div>\n\t\t<div class=\"portfolio__slide-overlay-hover\"><\/div>\n\t<\/a>\n\t<a href=\"https:\/\/intexsoft.com\/de\/portfolio\/mobile-anwendung-fur-ecommerce\/\" target=\"_blank\" class=\"portfolio__slide swiper-slide\" style=\"max-width: unset\">\n\t\t\t\t\t<picture class=\"portfolio__slide-image\">\n\t\t\t\t<img decoding=\"async\" loading=\"lazy\" class=\"portfolio__slide-image\" src=\"https:\/\/intexsoft.com\/app\/uploads\/sites\/3\/2022\/01\/Preview-eCommerce-Mobile-App.jpg\" alt=\"image\">\n\t\t\t<\/picture>\n\t\t\t\t<div class=\"portfolio__slide-info-block\">\n\t\t\t<div class=\"portfolio__slide-info\">\n\t\t\t\t<h3 class=\"portfolio__slide-title\">\n\t\t\t\t\tMobile Anwendung f\u00fcr eCommerce\n\t\t\t\t\t<svg xmlns=\"http:\/\/www.w3.org\/2000\/svg\" width=\"48\" height=\"2\" viewBox=\"0 0 48 2\" fill=\"none\">\n\t\t\t\t\t\t<line y1=\"1\" x2=\"48\" y2=\"1\" stroke=\"#3386D9\" stroke-width=\"2\"\/>\n\t\t\t\t\t<\/svg>\n\t\t\t\t<\/h3>\n\t\t\t\t<div class=\"portfolio__slide-subtitle text-sm\"><p>Eine mobile Anwendung f\u00fcr den Verkauf von Kinderkleidung und Accessoires.<\/p><\/div>\n\t\t\t<\/div>\n\t\t\t<div class=\"portfolio__slide-info-block-button\">\n\t\t\t\tmehr\n\t\t\t\t<svg xmlns=\"http:\/\/www.w3.org\/2000\/svg\" width=\"19\" height=\"12\" viewBox=\"0 0 19 12\" fill=\"none\">\n\t\t\t\t\t<path d=\"M18.5812 5.39168C18.5809 5.39143 18.5807 5.39112 18.5804 5.39087L14.09 0.922122C13.7536 0.587353 13.2095 0.588599 12.8746 0.925043C12.5398 1.26145 12.5411 1.80556 12.8775 2.14037L15.8924 5.14062H-2.30737C-2.78201 5.14062 -3.16675 5.52536 -3.16675 5.99999C-3.16675 6.47462 -2.78201 6.85936 -2.30737 6.85936H15.8923L12.8776 9.85961C12.5412 10.1944 12.5399 10.7385 12.8747 11.0749C13.2095 11.4114 13.7537 11.4126 14.0901 11.0779L18.5805 6.60911C18.5807 6.60886 18.5809 6.60856 18.5812 6.6083C18.9178 6.27237 18.9167 5.7265 18.5812 5.39168Z\" fill=\"white\"\/>\n\t\t\t\t<\/svg>\n\t\t\t<\/div>\n\t\t<\/div>\n\t\t<div class=\"portfolio__slide-overlay\"><\/div>\n\t\t<div class=\"portfolio__slide-overlay-hover\"><\/div>\n\t<\/a>\n\t\t\t\t\t<\/div>\n\t\t\t\t\t<div class=\"multi-filter-ajax__container\">\n\t\t\t\t\t\t<button\n\t\t\t\t\t\t\tclass=\"multi-filter-ajax__btn btn\" >\n\t\t\t\t\t\t\tMehr Anzeigen\n\t\t\t\t\t\t<\/button>\n\t\t\t\t\t<\/div>\n\t\t\t\t<\/div>\n\t\t\t\t\t\t\t<\/div>\n\t\t<\/div>\n\t<\/section>\n\n","protected":false},"excerpt":{"rendered":"","protected":false},"author":1,"featured_media":0,"parent":0,"menu_order":0,"comment_status":"closed","ping_status":"closed","template":"","meta":{"content-type":"","footnotes":""},"acf":[],"yoast_head":"<!-- This site is optimized with the Yoast SEO Premium plugin v22.9 (Yoast SEO v22.9) - https:\/\/yoast.com\/wordpress\/plugins\/seo\/ -->\n<title>Portfolio - Intexsoft De<\/title>\n<meta name=\"robots\" content=\"index, follow, max-snippet:-1, max-image-preview:large, max-video-preview:-1\" \/>\n<link rel=\"canonical\" href=\"https:\/\/intexsoft.com\/de\/portfolio\/\" \/>\n<meta property=\"og:locale\" content=\"en_US\" \/>\n<meta property=\"og:type\" content=\"article\" \/>\n<meta property=\"og:title\" content=\"Portfolio\" \/>\n<meta property=\"og:url\" content=\"https:\/\/intexsoft.com\/de\/portfolio\/\" \/>\n<meta property=\"og:site_name\" content=\"Intexsoft De\" \/>\n<meta property=\"article:modified_time\" content=\"2022-02-22T11:05:33+00:00\" \/>\n<meta name=\"twitter:card\" content=\"summary_large_image\" \/>\n<!-- \/ Yoast SEO Premium plugin. -->","yoast_head_json":{"title":"Portfolio - Intexsoft De","robots":{"index":"index","follow":"follow","max-snippet":"max-snippet:-1","max-image-preview":"max-image-preview:large","max-video-preview":"max-video-preview:-1"},"canonical":"https:\/\/intexsoft.com\/de\/portfolio\/","og_locale":"en_US","og_type":"article","og_title":"Portfolio","og_url":"https:\/\/intexsoft.com\/de\/portfolio\/","og_site_name":"Intexsoft De","article_modified_time":"2022-02-22T11:05:33+00:00","twitter_card":"summary_large_image","schema":{"@context":"https:\/\/schema.org","@graph":[{"@type":"WebPage","@id":"https:\/\/intexsoft.com\/de\/portfolio\/","url":"https:\/\/intexsoft.com\/de\/portfolio\/","name":"Portfolio - Intexsoft De","isPartOf":{"@id":"https:\/\/intexsoft.com\/de\/#website"},"datePublished":"2021-12-31T12:25:24+00:00","dateModified":"2022-02-22T11:05:33+00:00","breadcrumb":{"@id":"https:\/\/intexsoft.com\/de\/portfolio\/#breadcrumb"},"inLanguage":"en-US","potentialAction":[{"@type":"ReadAction","target":["https:\/\/intexsoft.com\/de\/portfolio\/"]}]},{"@type":"BreadcrumbList","@id":"https:\/\/intexsoft.com\/de\/portfolio\/#breadcrumb","itemListElement":[{"@type":"ListItem","position":1,"name":"Home","item":"https:\/\/intexsoft.com\/de\/"},{"@type":"ListItem","position":2,"name":"Portfolio"}]},{"@type":"WebSite","@id":"https:\/\/intexsoft.com\/de\/#website","url":"https:\/\/intexsoft.com\/de\/","name":"Intexsoft De","description":"Just another IntexSoft Sites site","publisher":{"@id":"https:\/\/intexsoft.com\/de\/#organization"},"potentialAction":[{"@type":"SearchAction","target":{"@type":"EntryPoint","urlTemplate":"https:\/\/intexsoft.com\/de\/?s={search_term_string}"},"query-input":"required name=search_term_string"}],"inLanguage":"en-US"},{"@type":"Organization","@id":"https:\/\/intexsoft.com\/de\/#organization","name":"Intexsoft De","url":"https:\/\/intexsoft.com\/de\/","logo":{"@type":"ImageObject","inLanguage":"en-US","@id":"https:\/\/intexsoft.com\/de\/#\/schema\/logo\/image\/","url":"https:\/\/intexsoft.com\/app\/uploads\/sites\/3\/2022\/01\/cropped-Group-5-1.png","contentUrl":"https:\/\/intexsoft.com\/app\/uploads\/sites\/3\/2022\/01\/cropped-Group-5-1.png","width":127,"height":19,"caption":"Intexsoft De"},"image":{"@id":"https:\/\/intexsoft.com\/de\/#\/schema\/logo\/image\/"}}]}},"_links":{"self":[{"href":"https:\/\/intexsoft.com\/de\/wp-json\/wp\/v2\/pages\/193"}],"collection":[{"href":"https:\/\/intexsoft.com\/de\/wp-json\/wp\/v2\/pages"}],"about":[{"href":"https:\/\/intexsoft.com\/de\/wp-json\/wp\/v2\/types\/page"}],"author":[{"embeddable":true,"href":"https:\/\/intexsoft.com\/de\/wp-json\/wp\/v2\/users\/1"}],"replies":[{"embeddable":true,"href":"https:\/\/intexsoft.com\/de\/wp-json\/wp\/v2\/comments?post=193"}],"version-history":[{"count":17,"href":"https:\/\/intexsoft.com\/de\/wp-json\/wp\/v2\/pages\/193\/revisions"}],"predecessor-version":[{"id":1830,"href":"https:\/\/intexsoft.com\/de\/wp-json\/wp\/v2\/pages\/193\/revisions\/1830"}],"wp:attachment":[{"href":"https:\/\/intexsoft.com\/de\/wp-json\/wp\/v2\/media?parent=193"}],"curies":[{"name":"wp","href":"https:\/\/api.w.org\/{rel}","templated":true}]}}